{"id":5622,"date":"2022-06-11T13:02:09","date_gmt":"2022-06-11T13:02:09","guid":{"rendered":"https:\/\/www.indiabuyinginc.com\/?post_type=product&#038;p=5622"},"modified":"2026-03-25T04:59:44","modified_gmt":"2026-03-25T04:59:44","slug":"ibic-9443","status":"publish","type":"product","link":"https:\/\/www.indiabuyinginc.com\/fr\/shop\/ibic-9443\/","title":{"rendered":"IBIC-9443"},"content":{"rendered":"","protected":false},"excerpt":{"rendered":"<p>Table \u00e0 manger, vous obtenez un v\u00e9ritable accroche-regard \u00e0 la maison ! La table est en bois de manguier massif et le plateau rond repose fermement sur des pieds crois\u00e9s en m\u00e9tal. Bel aspect industriel<\/p>\n<p>Cette table de India Buying Inc est faite de bois de manguier et de m\u00e9tal. En raison du fil unique du bois, chaque morceau de bois de manguier a un aspect sp\u00e9cial et individuel. Le bois est connu pour son grain fin avec de beaux dessins de flammes chaudes dans diff\u00e9rentes nuances.<\/p>\n<p>Le bois est brun dor\u00e9 clair \u00e0 fonc\u00e9 avec des rayures jaunes et roses qui le traversent.<\/p>\n<p>&nbsp;<\/p>\n<p>Dimensions : \u2013 180 x 90 x 76<\/p>\n<p>Poids : \u2013 65Kg<\/p>\n<p>Mat\u00e9riel: - Fer + bois de manguier brut<\/p>\n<p>Style : \u2013 Industriel<\/p>\n<p>Couleur : \u2013 Fini antique naturel<\/p>","protected":false},"featured_media":12032,"comment_status":"closed","ping_status":"closed","template":"","meta":[],"product_brand":[],"product_cat":[195,561],"product_tag":[375,370,374,398,371,378,390,377,392,379,367,393,289,397,400,380,399,350,348,376,391,373,369,394,384,395,382,396,372],"class_list":{"0":"post-5622","1":"product","2":"type-product","3":"status-publish","4":"has-post-thumbnail","6":"product_cat-dining-table","7":"product_cat-tables","8":"product_tag-bar-chairs","9":"product_tag-bookcase","10":"product_tag-chairs","11":"product_tag-chesterfield-sofa","12":"product_tag-dining-tables","13":"product_tag-home-decor","14":"product_tag-home-decoration","15":"product_tag-hotel-furniture","16":"product_tag-india-buying-inc","17":"product_tag-indian-furniture","18":"product_tag-industrial-furniture","19":"product_tag-interior-design","20":"product_tag-jodhpur-furniture","21":"product_tag-leather-furniture","22":"product_tag-live-edge-table-furniture","23":"product_tag-mango-wood-furniture","24":"product_tag-marble-table-top","25":"product_tag-meuble","26":"product_tag-modern-furniture","27":"product_tag-restaurant-furniture","28":"product_tag-retro-furniture","29":"product_tag-shelves","30":"product_tag-sideboard","31":"product_tag-storage-cabinets","32":"product_tag-tables","33":"product_tag-trending-furniture-jodhpur","34":"product_tag-tv-cabinets","35":"product_tag-vintage-furniture","36":"product_tag-wardrobe","38":"first","39":"instock","40":"shipping-taxable","41":"product-type-simple"},"yoast_head":"<!-- This site is optimized with the Yoast SEO plugin v27.4 - https:\/\/yoast.com\/product\/yoast-seo-wordpress\/ -->\n<title>IBIC-9443 - IndiaBuyingInc<\/title>\n<meta name=\"robots\" content=\"noindex, follow, max-snippet:-1, max-image-preview:large, max-video-preview:-1\" \/>\n<meta property=\"og:locale\" content=\"fr_FR\" \/>\n<meta property=\"og:type\" content=\"article\" \/>\n<meta property=\"og:title\" content=\"IBIC-9443 - IndiaBuyingInc\" \/>\n<meta property=\"og:description\" content=\"Dining table you get a real eye-catcher at home! The table is made of solid mango wood and the round table top stands firmly on metal crossed legs. Beautiful industrial look  This table from India Buying Inc is made of mango wood and metal. Due to the unique thread of the wood, each piece of mango wood has a special and individual appearance. The wood is known for its fine grain with beautiful warm flame drawings in various shades.  The wood is light to dark golden brown with yellow and pink stripes running through it.  &nbsp;  Dimension: - 180 x 90 x 76  Weight: - 65 Kg  Material: - Iron +Rough Mango Wood  Style: - Industrial  Color: - Natural Antique Finish\" \/>\n<meta property=\"og:url\" content=\"https:\/\/www.indiabuyinginc.com\/fr\/shop\/ibic-9443\/\" \/>\n<meta property=\"og:site_name\" content=\"IndiaBuyingInc\" \/>\n<meta property=\"article:publisher\" content=\"https:\/\/www.facebook.com\/indiabuyingincjodhpur\" \/>\n<meta property=\"article:modified_time\" content=\"2026-03-25T04:59:44+00:00\" \/>\n<meta property=\"og:image\" content=\"https:\/\/www.indiabuyinginc.com\/wp-content\/uploads\/2026\/03\/IBIC-9443.jpg\" \/>\n\t<meta property=\"og:image:width\" content=\"600\" \/>\n\t<meta property=\"og:image:height\" content=\"600\" \/>\n\t<meta property=\"og:image:type\" content=\"image\/jpeg\" \/>\n<meta name=\"twitter:card\" content=\"summary_large_image\" \/>\n<meta name=\"twitter:site\" content=\"@indiabuyinginc\" \/>\n<meta name=\"twitter:label1\" content=\"Dur\u00e9e de lecture estim\u00e9e\" \/>\n\t<meta name=\"twitter:data1\" content=\"1 minute\" \/>\n<script type=\"application\/ld+json\" class=\"yoast-schema-graph\">{\"@context\":\"https:\\\/\\\/schema.org\",\"@graph\":[{\"@type\":\"WebPage\",\"@id\":\"https:\\\/\\\/www.indiabuyinginc.com\\\/shop\\\/ibic-9443\\\/\",\"url\":\"https:\\\/\\\/www.indiabuyinginc.com\\\/shop\\\/ibic-9443\\\/\",\"name\":\"IBIC-9443 - IndiaBuyingInc\",\"isPartOf\":{\"@id\":\"https:\\\/\\\/www.indiabuyinginc.com\\\/#website\"},\"primaryImageOfPage\":{\"@id\":\"https:\\\/\\\/www.indiabuyinginc.com\\\/shop\\\/ibic-9443\\\/#primaryimage\"},\"image\":{\"@id\":\"https:\\\/\\\/www.indiabuyinginc.com\\\/shop\\\/ibic-9443\\\/#primaryimage\"},\"thumbnailUrl\":\"https:\\\/\\\/www.indiabuyinginc.com\\\/wp-content\\\/uploads\\\/2026\\\/03\\\/IBIC-9443.jpg\",\"datePublished\":\"2022-06-11T13:02:09+00:00\",\"dateModified\":\"2026-03-25T04:59:44+00:00\",\"breadcrumb\":{\"@id\":\"https:\\\/\\\/www.indiabuyinginc.com\\\/shop\\\/ibic-9443\\\/#breadcrumb\"},\"inLanguage\":\"fr-FR\",\"potentialAction\":[{\"@type\":\"ReadAction\",\"target\":[\"https:\\\/\\\/www.indiabuyinginc.com\\\/shop\\\/ibic-9443\\\/\"]}]},{\"@type\":\"ImageObject\",\"inLanguage\":\"fr-FR\",\"@id\":\"https:\\\/\\\/www.indiabuyinginc.com\\\/shop\\\/ibic-9443\\\/#primaryimage\",\"url\":\"https:\\\/\\\/www.indiabuyinginc.com\\\/wp-content\\\/uploads\\\/2026\\\/03\\\/IBIC-9443.jpg\",\"contentUrl\":\"https:\\\/\\\/www.indiabuyinginc.com\\\/wp-content\\\/uploads\\\/2026\\\/03\\\/IBIC-9443.jpg\",\"width\":600,\"height\":600},{\"@type\":\"BreadcrumbList\",\"@id\":\"https:\\\/\\\/www.indiabuyinginc.com\\\/shop\\\/ibic-9443\\\/#breadcrumb\",\"itemListElement\":[{\"@type\":\"ListItem\",\"position\":1,\"name\":\"Home\",\"item\":\"https:\\\/\\\/www.indiabuyinginc.com\\\/\"},{\"@type\":\"ListItem\",\"position\":2,\"name\":\"Shop\",\"item\":\"https:\\\/\\\/www.indiabuyinginc.com\\\/shop\\\/\"},{\"@type\":\"ListItem\",\"position\":3,\"name\":\"IBIC-9443\"}]},{\"@type\":\"WebSite\",\"@id\":\"https:\\\/\\\/www.indiabuyinginc.com\\\/#website\",\"url\":\"https:\\\/\\\/www.indiabuyinginc.com\\\/\",\"name\":\"IndianFurniture-SolidWooden-Metal-industrialFurniture\",\"description\":\"wooden Iron Furniture Manufacturer &amp; Exporter Jodhpur India\",\"publisher\":{\"@id\":\"https:\\\/\\\/www.indiabuyinginc.com\\\/#organization\"},\"alternateName\":\"solidwoodfurniture\",\"potentialAction\":[{\"@type\":\"SearchAction\",\"target\":{\"@type\":\"EntryPoint\",\"urlTemplate\":\"https:\\\/\\\/www.indiabuyinginc.com\\\/?s={search_term_string}\"},\"query-input\":{\"@type\":\"PropertyValueSpecification\",\"valueRequired\":true,\"valueName\":\"search_term_string\"}}],\"inLanguage\":\"fr-FR\"},{\"@type\":\"Organization\",\"@id\":\"https:\\\/\\\/www.indiabuyinginc.com\\\/#organization\",\"name\":\"IndianFurniture-SolidWooden-Metal-industrialFurniture\",\"alternateName\":\"Furniture factory Jodhpur India\",\"url\":\"https:\\\/\\\/www.indiabuyinginc.com\\\/\",\"logo\":{\"@type\":\"ImageObject\",\"inLanguage\":\"fr-FR\",\"@id\":\"https:\\\/\\\/www.indiabuyinginc.com\\\/#\\\/schema\\\/logo\\\/image\\\/\",\"url\":\"https:\\\/\\\/www.indiabuyinginc.com\\\/wp-content\\\/uploads\\\/2025\\\/08\\\/logo-2025-INDIA-BUYING-INC.jpg\",\"contentUrl\":\"https:\\\/\\\/www.indiabuyinginc.com\\\/wp-content\\\/uploads\\\/2025\\\/08\\\/logo-2025-INDIA-BUYING-INC.jpg\",\"width\":696,\"height\":696,\"caption\":\"IndianFurniture-SolidWooden-Metal-industrialFurniture\"},\"image\":{\"@id\":\"https:\\\/\\\/www.indiabuyinginc.com\\\/#\\\/schema\\\/logo\\\/image\\\/\"},\"sameAs\":[\"https:\\\/\\\/www.facebook.com\\\/indiabuyingincjodhpur\",\"https:\\\/\\\/x.com\\\/indiabuyinginc\",\"https:\\\/\\\/www.instagram.com\\\/indiabuyinginc\\\/\",\"https:\\\/\\\/www.instagram.com\\\/indiabuyingincfurniture\\\/\",\"https:\\\/\\\/www.youtube.com\\\/@indiabuyinginc\",\"https:\\\/\\\/www.linkedin.com\\\/company\\\/furniturefactoryjodhpur\"]}]}<\/script>\n<!-- \/ Yoast SEO plugin. -->","yoast_head_json":{"title":"IBIC-9443 - IndiaBuyingInc","robots":{"index":"noindex","follow":"follow","max-snippet":"max-snippet:-1","max-image-preview":"max-image-preview:large","max-video-preview":"max-video-preview:-1"},"og_locale":"fr_FR","og_type":"article","og_title":"IBIC-9443 - IndiaBuyingInc","og_description":"Dining table you get a real eye-catcher at home! The table is made of solid mango wood and the round table top stands firmly on metal crossed legs. Beautiful industrial look  This table from India Buying Inc is made of mango wood and metal. Due to the unique thread of the wood, each piece of mango wood has a special and individual appearance. The wood is known for its fine grain with beautiful warm flame drawings in various shades.  The wood is light to dark golden brown with yellow and pink stripes running through it.  &nbsp;  Dimension: - 180 x 90 x 76  Weight: - 65 Kg  Material: - Iron +Rough Mango Wood  Style: - Industrial  Color: - Natural Antique Finish","og_url":"https:\/\/www.indiabuyinginc.com\/fr\/shop\/ibic-9443\/","og_site_name":"IndiaBuyingInc","article_publisher":"https:\/\/www.facebook.com\/indiabuyingincjodhpur","article_modified_time":"2026-03-25T04:59:44+00:00","og_image":[{"width":600,"height":600,"url":"https:\/\/www.indiabuyinginc.com\/wp-content\/uploads\/2026\/03\/IBIC-9443.jpg","type":"image\/jpeg"}],"twitter_card":"summary_large_image","twitter_site":"@indiabuyinginc","twitter_misc":{"Dur\u00e9e de lecture estim\u00e9e":"1 minute"},"schema":{"@context":"https:\/\/schema.org","@graph":[{"@type":"WebPage","@id":"https:\/\/www.indiabuyinginc.com\/shop\/ibic-9443\/","url":"https:\/\/www.indiabuyinginc.com\/shop\/ibic-9443\/","name":"IBIC-9443 - IndiaBuyingInc","isPartOf":{"@id":"https:\/\/www.indiabuyinginc.com\/#website"},"primaryImageOfPage":{"@id":"https:\/\/www.indiabuyinginc.com\/shop\/ibic-9443\/#primaryimage"},"image":{"@id":"https:\/\/www.indiabuyinginc.com\/shop\/ibic-9443\/#primaryimage"},"thumbnailUrl":"https:\/\/www.indiabuyinginc.com\/wp-content\/uploads\/2026\/03\/IBIC-9443.jpg","datePublished":"2022-06-11T13:02:09+00:00","dateModified":"2026-03-25T04:59:44+00:00","breadcrumb":{"@id":"https:\/\/www.indiabuyinginc.com\/shop\/ibic-9443\/#breadcrumb"},"inLanguage":"fr-FR","potentialAction":[{"@type":"ReadAction","target":["https:\/\/www.indiabuyinginc.com\/shop\/ibic-9443\/"]}]},{"@type":"ImageObject","inLanguage":"fr-FR","@id":"https:\/\/www.indiabuyinginc.com\/shop\/ibic-9443\/#primaryimage","url":"https:\/\/www.indiabuyinginc.com\/wp-content\/uploads\/2026\/03\/IBIC-9443.jpg","contentUrl":"https:\/\/www.indiabuyinginc.com\/wp-content\/uploads\/2026\/03\/IBIC-9443.jpg","width":600,"height":600},{"@type":"BreadcrumbList","@id":"https:\/\/www.indiabuyinginc.com\/shop\/ibic-9443\/#breadcrumb","itemListElement":[{"@type":"ListItem","position":1,"name":"Home","item":"https:\/\/www.indiabuyinginc.com\/"},{"@type":"ListItem","position":2,"name":"Shop","item":"https:\/\/www.indiabuyinginc.com\/shop\/"},{"@type":"ListItem","position":3,"name":"IBIC-9443"}]},{"@type":"WebSite","@id":"https:\/\/www.indiabuyinginc.com\/#website","url":"https:\/\/www.indiabuyinginc.com\/","name":"IndianFurniture-SolidWooden-Metal-industrialFurniture","description":"wooden Iron Furniture Manufacturer &amp; Exporter Jodhpur India","publisher":{"@id":"https:\/\/www.indiabuyinginc.com\/#organization"},"alternateName":"solidwoodfurniture","potentialAction":[{"@type":"SearchAction","target":{"@type":"EntryPoint","urlTemplate":"https:\/\/www.indiabuyinginc.com\/?s={search_term_string}"},"query-input":{"@type":"PropertyValueSpecification","valueRequired":true,"valueName":"search_term_string"}}],"inLanguage":"fr-FR"},{"@type":"Organization","@id":"https:\/\/www.indiabuyinginc.com\/#organization","name":"IndianFurniture-SolidWooden-Metal-industrialFurniture","alternateName":"Furniture factory Jodhpur India","url":"https:\/\/www.indiabuyinginc.com\/","logo":{"@type":"ImageObject","inLanguage":"fr-FR","@id":"https:\/\/www.indiabuyinginc.com\/#\/schema\/logo\/image\/","url":"https:\/\/www.indiabuyinginc.com\/wp-content\/uploads\/2025\/08\/logo-2025-INDIA-BUYING-INC.jpg","contentUrl":"https:\/\/www.indiabuyinginc.com\/wp-content\/uploads\/2025\/08\/logo-2025-INDIA-BUYING-INC.jpg","width":696,"height":696,"caption":"IndianFurniture-SolidWooden-Metal-industrialFurniture"},"image":{"@id":"https:\/\/www.indiabuyinginc.com\/#\/schema\/logo\/image\/"},"sameAs":["https:\/\/www.facebook.com\/indiabuyingincjodhpur","https:\/\/x.com\/indiabuyinginc","https:\/\/www.instagram.com\/indiabuyinginc\/","https:\/\/www.instagram.com\/indiabuyingincfurniture\/","https:\/\/www.youtube.com\/@indiabuyinginc","https:\/\/www.linkedin.com\/company\/furniturefactoryjodhpur"]}]}},"_links":{"self":[{"href":"https:\/\/www.indiabuyinginc.com\/fr\/wp-json\/wp\/v2\/product\/5622","targetHints":{"allow":["GET"]}}],"collection":[{"href":"https:\/\/www.indiabuyinginc.com\/fr\/wp-json\/wp\/v2\/product"}],"about":[{"href":"https:\/\/www.indiabuyinginc.com\/fr\/wp-json\/wp\/v2\/types\/product"}],"replies":[{"embeddable":true,"href":"https:\/\/www.indiabuyinginc.com\/fr\/wp-json\/wp\/v2\/comments?post=5622"}],"wp:featuredmedia":[{"embeddable":true,"href":"https:\/\/www.indiabuyinginc.com\/fr\/wp-json\/wp\/v2\/media\/12032"}],"wp:attachment":[{"href":"https:\/\/www.indiabuyinginc.com\/fr\/wp-json\/wp\/v2\/media?parent=5622"}],"wp:term":[{"taxonomy":"product_brand","embeddable":true,"href":"https:\/\/www.indiabuyinginc.com\/fr\/wp-json\/wp\/v2\/product_brand?post=5622"},{"taxonomy":"product_cat","embeddable":true,"href":"https:\/\/www.indiabuyinginc.com\/fr\/wp-json\/wp\/v2\/product_cat?post=5622"},{"taxonomy":"product_tag","embeddable":true,"href":"https:\/\/www.indiabuyinginc.com\/fr\/wp-json\/wp\/v2\/product_tag?post=5622"}],"curies":[{"name":"wp","href":"https:\/\/api.w.org\/{rel}","templated":true}]}}