{"id":5460,"date":"2022-06-11T12:02:10","date_gmt":"2022-06-11T12:02:10","guid":{"rendered":"https:\/\/www.indiabuyinginc.com\/?post_type=product&#038;p=5460"},"modified":"2026-04-20T07:30:02","modified_gmt":"2026-04-20T07:30:02","slug":"cast-iron-3-leg-crank-mechanism-hand-lifint-cafe-restaurant-iron-top-dining-table-2","status":"publish","type":"product","link":"https:\/\/www.indiabuyinginc.com\/fr\/shop\/cast-iron-3-leg-crank-mechanism-hand-lifint-cafe-restaurant-iron-top-dining-table-2\/","title":{"rendered":"IBIC-9490 &#8211; Cast Iron 3 Leg Crank Mechanism Hand Lifint Caf\u00e9 Restaurant Iron  Top Dining Table"},"content":{"rendered":"<h2 data-start=\"411\" data-end=\"702\">Enhance your space with this Cast Iron 3-Leg Crank Mechanism Dining Table,<\/h2>\n<p data-start=\"411\" data-end=\"702\">designed with a perfect blend of vintage charm and industrial durability. The sturdy cast iron base features a unique three-leg design that provides excellent balance and stability, even in high-traffic environments.<\/p>\n<p data-start=\"704\" data-end=\"1010\">Equipped with a hand-crank lifting mechanism, the table allows smooth height adjustment, making it suitable for multiple uses\u2014whether as a dining table, caf\u00e9 table, or bar-style setup. The tabletop is crafted for everyday durability and complements the industrial look with its clean and functional design.<\/p>\n<p data-start=\"1012\" data-end=\"1269\">With compact dimensions of 75 cm x 75 cm and a height of 75 cm (adjustable), this table comfortably accommodates 2\u20134 people. It\u2019s an ideal choice for caf\u00e9s, restaurants, bistros, and modern home interiors looking for a practical yet stylish furniture piece.<\/p>\n<p data-start=\"1271\" data-end=\"1397\">This table combines functionality, durability, and classic industrial aesthetics, making it a versatile addition to any space.<\/p>\n<hr data-start=\"1399\" data-end=\"1402\" \/>\n<h2 data-section-id=\"1j5qwet\" data-start=\"1404\" data-end=\"1423\"><span role=\"text\"><strong data-start=\"1407\" data-end=\"1423\">Key Features<\/strong><\/span><\/h2>\n<ul data-start=\"1424\" data-end=\"1678\">\n<li data-section-id=\"1lpqf40\" data-start=\"1424\" data-end=\"1459\">Heavy-duty cast iron 3-leg base<\/li>\n<li data-section-id=\"ej4ijl\" data-start=\"1460\" data-end=\"1499\">Smooth hand-crank height adjustment<\/li>\n<li data-section-id=\"ftdz7f\" data-start=\"1500\" data-end=\"1529\">Industrial vintage design<\/li>\n<li data-section-id=\"2h25cw\" data-start=\"1530\" data-end=\"1564\">Strong and stable construction<\/li>\n<li data-section-id=\"4fnkjt\" data-start=\"1565\" data-end=\"1593\">Compact and space-saving<\/li>\n<li data-section-id=\"1hp8o6s\" data-start=\"1594\" data-end=\"1628\">Ideal for 2\u20134 seating capacity<\/li>\n<li data-section-id=\"4gbtgl\" data-start=\"1629\" data-end=\"1678\">Suitable for caf\u00e9s, restaurants, and home use<\/li>\n<\/ul>\n<hr data-start=\"1680\" data-end=\"1683\" \/>\n<h2 data-section-id=\"q11yyz\" data-start=\"1685\" data-end=\"1706\"><span role=\"text\"><strong data-start=\"1688\" data-end=\"1706\">Specifications<\/strong><\/span><\/h2>\n<ul data-start=\"1707\" data-end=\"1967\">\n<li data-section-id=\"busqlv\" data-start=\"1707\" data-end=\"1757\"><strong data-start=\"1709\" data-end=\"1722\">Material:<\/strong> Cast Iron Base &amp; Wooden\/Iron Top<\/li>\n<li data-section-id=\"aghusc\" data-start=\"1758\" data-end=\"1779\"><strong data-start=\"1760\" data-end=\"1770\">Shape:<\/strong> Square<\/li>\n<li data-section-id=\"17azhzf\" data-start=\"1780\" data-end=\"1815\"><strong data-start=\"1782\" data-end=\"1792\">Style:<\/strong> Industrial \/ Vintage<\/li>\n<li data-section-id=\"pei4jq\" data-start=\"1816\" data-end=\"1891\"><strong data-start=\"1818\" data-end=\"1833\">Dimensions:<\/strong> 75 cm (L) x 75 cm (W) x 75 cm (H) <em data-start=\"1868\" data-end=\"1889\">(Adjustable Height)<\/em><\/li>\n<li data-section-id=\"1esid2u\" data-start=\"1892\" data-end=\"1929\"><strong data-start=\"1894\" data-end=\"1915\">Seating Capacity:<\/strong> 2\u20134 persons<\/li>\n<li data-section-id=\"3c17ku\" data-start=\"1930\" data-end=\"1967\"><strong data-start=\"1932\" data-end=\"1943\">Finish:<\/strong> Matte \/ Rustic Finish<\/li>\n<\/ul>","protected":false},"excerpt":{"rendered":"<p>M\u00e9canisme de manivelle en fonte \u00e0 3 pieds Table de salle \u00e0 manger \u00e0 dessus en fer pour restaurant de caf\u00e9<\/p>\n<p>&nbsp;<\/p>\n<p>Poids : \u2013 0,00013<br \/>\nMat\u00e9riau : \u2013 Fer<br \/>\nCouleur : \u2013 Fini antique naturel<\/p>","protected":false},"featured_media":12203,"comment_status":"closed","ping_status":"closed","template":"","meta":[],"product_brand":[],"product_cat":[197,561],"product_tag":[420,430,398,429,425,426,431,404,433,418,392,393,435,397,400,380,434,399,350,436,419,376,432,293,394,401,402,384],"class_list":{"0":"post-5460","1":"product","2":"type-product","3":"status-publish","4":"has-post-thumbnail","6":"product_cat-bar-table","7":"product_cat-tables","8":"product_tag-cafe-furniture","9":"product_tag-canteen-furniture","10":"product_tag-chesterfield-sofa","11":"product_tag-commercial-furniture","12":"product_tag-contract-furniture","13":"product_tag-event-furniture","14":"product_tag-food-court-furniture","15":"product_tag-furniture-factory-jodhpur","16":"product_tag-garden-furniture","17":"product_tag-hotels-furniture","18":"product_tag-india-buying-inc","19":"product_tag-interior-design","20":"product_tag-lamps-and-lights","21":"product_tag-leather-furniture","22":"product_tag-live-edge-table-furniture","23":"product_tag-mango-wood-furniture","24":"product_tag-manufacturer","25":"product_tag-marble-table-top","26":"product_tag-meuble","27":"product_tag-outdoor-furniture","28":"product_tag-resort-furniture","29":"product_tag-restaurant-furniture","30":"product_tag-school-furniture","31":"product_tag-solid-wood-furniture","32":"product_tag-storage-cabinets","33":"product_tag-table-basse","34":"product_tag-table-vintage","35":"product_tag-tables","37":"first","38":"instock","39":"shipping-taxable","40":"product-type-simple"},"yoast_head":"<!-- This site is optimized with the Yoast SEO plugin v27.4 - https:\/\/yoast.com\/product\/yoast-seo-wordpress\/ -->\n<title>Cast Iron Crank Adjustable Caf\u00e9 Table | Indian buying Inc<\/title>\n<meta name=\"description\" content=\"Buy cast iron 3-leg crank mechanism caf\u00e9 table with adjustable height. Industrial design, perfect for restaurants, caf\u00e9s &amp; home use.\" \/>\n<meta name=\"robots\" content=\"noindex, follow, max-snippet:-1, max-image-preview:large, max-video-preview:-1\" \/>\n<meta property=\"og:locale\" content=\"fr_FR\" \/>\n<meta property=\"og:type\" content=\"article\" \/>\n<meta property=\"og:title\" content=\"Cast Iron Crank Adjustable Caf\u00e9 Table | Indian buying Inc\" \/>\n<meta property=\"og:description\" content=\"Buy cast iron 3-leg crank mechanism caf\u00e9 table with adjustable height. Industrial design, perfect for restaurants, caf\u00e9s &amp; home use.\" \/>\n<meta property=\"og:url\" content=\"https:\/\/www.indiabuyinginc.com\/fr\/shop\/cast-iron-3-leg-crank-mechanism-hand-lifint-cafe-restaurant-iron-top-dining-table-2\/\" \/>\n<meta property=\"og:site_name\" content=\"IndiaBuyingInc\" \/>\n<meta property=\"article:publisher\" content=\"https:\/\/www.facebook.com\/indiabuyingincjodhpur\" \/>\n<meta property=\"article:modified_time\" content=\"2026-04-20T07:30:02+00:00\" \/>\n<meta property=\"og:image\" content=\"https:\/\/www.indiabuyinginc.com\/wp-content\/uploads\/2026\/03\/IBIC-9490-1.jpg\" \/>\n\t<meta property=\"og:image:width\" content=\"600\" \/>\n\t<meta property=\"og:image:height\" content=\"600\" \/>\n\t<meta property=\"og:image:type\" content=\"image\/jpeg\" \/>\n<meta name=\"twitter:card\" content=\"summary_large_image\" \/>\n<meta name=\"twitter:site\" content=\"@indiabuyinginc\" \/>\n<meta name=\"twitter:label1\" content=\"Dur\u00e9e de lecture estim\u00e9e\" \/>\n\t<meta name=\"twitter:data1\" content=\"2 minutes\" \/>\n<script type=\"application\/ld+json\" class=\"yoast-schema-graph\">{\"@context\":\"https:\\\/\\\/schema.org\",\"@graph\":[{\"@type\":\"WebPage\",\"@id\":\"https:\\\/\\\/www.indiabuyinginc.com\\\/shop\\\/cast-iron-3-leg-crank-mechanism-hand-lifint-cafe-restaurant-iron-top-dining-table-2\\\/\",\"url\":\"https:\\\/\\\/www.indiabuyinginc.com\\\/shop\\\/cast-iron-3-leg-crank-mechanism-hand-lifint-cafe-restaurant-iron-top-dining-table-2\\\/\",\"name\":\"Cast Iron Crank Adjustable Caf\u00e9 Table | Indian buying Inc\",\"isPartOf\":{\"@id\":\"https:\\\/\\\/www.indiabuyinginc.com\\\/#website\"},\"primaryImageOfPage\":{\"@id\":\"https:\\\/\\\/www.indiabuyinginc.com\\\/shop\\\/cast-iron-3-leg-crank-mechanism-hand-lifint-cafe-restaurant-iron-top-dining-table-2\\\/#primaryimage\"},\"image\":{\"@id\":\"https:\\\/\\\/www.indiabuyinginc.com\\\/shop\\\/cast-iron-3-leg-crank-mechanism-hand-lifint-cafe-restaurant-iron-top-dining-table-2\\\/#primaryimage\"},\"thumbnailUrl\":\"https:\\\/\\\/www.indiabuyinginc.com\\\/wp-content\\\/uploads\\\/2026\\\/03\\\/IBIC-9490-1.jpg\",\"datePublished\":\"2022-06-11T12:02:10+00:00\",\"dateModified\":\"2026-04-20T07:30:02+00:00\",\"description\":\"Buy cast iron 3-leg crank mechanism caf\u00e9 table with adjustable height. Industrial design, perfect for restaurants, caf\u00e9s & home use.\",\"breadcrumb\":{\"@id\":\"https:\\\/\\\/www.indiabuyinginc.com\\\/shop\\\/cast-iron-3-leg-crank-mechanism-hand-lifint-cafe-restaurant-iron-top-dining-table-2\\\/#breadcrumb\"},\"inLanguage\":\"fr-FR\",\"potentialAction\":[{\"@type\":\"ReadAction\",\"target\":[\"https:\\\/\\\/www.indiabuyinginc.com\\\/shop\\\/cast-iron-3-leg-crank-mechanism-hand-lifint-cafe-restaurant-iron-top-dining-table-2\\\/\"]}]},{\"@type\":\"ImageObject\",\"inLanguage\":\"fr-FR\",\"@id\":\"https:\\\/\\\/www.indiabuyinginc.com\\\/shop\\\/cast-iron-3-leg-crank-mechanism-hand-lifint-cafe-restaurant-iron-top-dining-table-2\\\/#primaryimage\",\"url\":\"https:\\\/\\\/www.indiabuyinginc.com\\\/wp-content\\\/uploads\\\/2026\\\/03\\\/IBIC-9490-1.jpg\",\"contentUrl\":\"https:\\\/\\\/www.indiabuyinginc.com\\\/wp-content\\\/uploads\\\/2026\\\/03\\\/IBIC-9490-1.jpg\",\"width\":600,\"height\":600,\"caption\":\"Cast iron 3 leg crank adjustable dining table\"},{\"@type\":\"BreadcrumbList\",\"@id\":\"https:\\\/\\\/www.indiabuyinginc.com\\\/shop\\\/cast-iron-3-leg-crank-mechanism-hand-lifint-cafe-restaurant-iron-top-dining-table-2\\\/#breadcrumb\",\"itemListElement\":[{\"@type\":\"ListItem\",\"position\":1,\"name\":\"Home\",\"item\":\"https:\\\/\\\/www.indiabuyinginc.com\\\/\"},{\"@type\":\"ListItem\",\"position\":2,\"name\":\"Shop\",\"item\":\"https:\\\/\\\/www.indiabuyinginc.com\\\/shop\\\/\"},{\"@type\":\"ListItem\",\"position\":3,\"name\":\"IBIC-9490 &#8211; Cast Iron 3 Leg Crank Mechanism Hand Lifint Caf\u00e9 Restaurant Iron Top Dining Table\"}]},{\"@type\":\"WebSite\",\"@id\":\"https:\\\/\\\/www.indiabuyinginc.com\\\/#website\",\"url\":\"https:\\\/\\\/www.indiabuyinginc.com\\\/\",\"name\":\"IndianFurniture-SolidWooden-Metal-industrialFurniture\",\"description\":\"wooden Iron Furniture Manufacturer &amp; Exporter Jodhpur India\",\"publisher\":{\"@id\":\"https:\\\/\\\/www.indiabuyinginc.com\\\/#organization\"},\"alternateName\":\"solidwoodfurniture\",\"potentialAction\":[{\"@type\":\"SearchAction\",\"target\":{\"@type\":\"EntryPoint\",\"urlTemplate\":\"https:\\\/\\\/www.indiabuyinginc.com\\\/?s={search_term_string}\"},\"query-input\":{\"@type\":\"PropertyValueSpecification\",\"valueRequired\":true,\"valueName\":\"search_term_string\"}}],\"inLanguage\":\"fr-FR\"},{\"@type\":\"Organization\",\"@id\":\"https:\\\/\\\/www.indiabuyinginc.com\\\/#organization\",\"name\":\"IndianFurniture-SolidWooden-Metal-industrialFurniture\",\"alternateName\":\"Furniture factory Jodhpur India\",\"url\":\"https:\\\/\\\/www.indiabuyinginc.com\\\/\",\"logo\":{\"@type\":\"ImageObject\",\"inLanguage\":\"fr-FR\",\"@id\":\"https:\\\/\\\/www.indiabuyinginc.com\\\/#\\\/schema\\\/logo\\\/image\\\/\",\"url\":\"https:\\\/\\\/www.indiabuyinginc.com\\\/wp-content\\\/uploads\\\/2025\\\/08\\\/logo-2025-INDIA-BUYING-INC.jpg\",\"contentUrl\":\"https:\\\/\\\/www.indiabuyinginc.com\\\/wp-content\\\/uploads\\\/2025\\\/08\\\/logo-2025-INDIA-BUYING-INC.jpg\",\"width\":696,\"height\":696,\"caption\":\"IndianFurniture-SolidWooden-Metal-industrialFurniture\"},\"image\":{\"@id\":\"https:\\\/\\\/www.indiabuyinginc.com\\\/#\\\/schema\\\/logo\\\/image\\\/\"},\"sameAs\":[\"https:\\\/\\\/www.facebook.com\\\/indiabuyingincjodhpur\",\"https:\\\/\\\/x.com\\\/indiabuyinginc\",\"https:\\\/\\\/www.instagram.com\\\/indiabuyinginc\\\/\",\"https:\\\/\\\/www.instagram.com\\\/indiabuyingincfurniture\\\/\",\"https:\\\/\\\/www.youtube.com\\\/@indiabuyinginc\",\"https:\\\/\\\/www.linkedin.com\\\/company\\\/furniturefactoryjodhpur\"]}]}<\/script>\n<!-- \/ Yoast SEO plugin. -->","yoast_head_json":{"title":"Cast Iron Crank Adjustable Caf\u00e9 Table | Indian buying Inc","description":"Buy cast iron 3-leg crank mechanism caf\u00e9 table with adjustable height. Industrial design, perfect for restaurants, caf\u00e9s & home use.","robots":{"index":"noindex","follow":"follow","max-snippet":"max-snippet:-1","max-image-preview":"max-image-preview:large","max-video-preview":"max-video-preview:-1"},"og_locale":"fr_FR","og_type":"article","og_title":"Cast Iron Crank Adjustable Caf\u00e9 Table | Indian buying Inc","og_description":"Buy cast iron 3-leg crank mechanism caf\u00e9 table with adjustable height. Industrial design, perfect for restaurants, caf\u00e9s & home use.","og_url":"https:\/\/www.indiabuyinginc.com\/fr\/shop\/cast-iron-3-leg-crank-mechanism-hand-lifint-cafe-restaurant-iron-top-dining-table-2\/","og_site_name":"IndiaBuyingInc","article_publisher":"https:\/\/www.facebook.com\/indiabuyingincjodhpur","article_modified_time":"2026-04-20T07:30:02+00:00","og_image":[{"width":600,"height":600,"url":"https:\/\/www.indiabuyinginc.com\/wp-content\/uploads\/2026\/03\/IBIC-9490-1.jpg","type":"image\/jpeg"}],"twitter_card":"summary_large_image","twitter_site":"@indiabuyinginc","twitter_misc":{"Dur\u00e9e de lecture estim\u00e9e":"2 minutes"},"schema":{"@context":"https:\/\/schema.org","@graph":[{"@type":"WebPage","@id":"https:\/\/www.indiabuyinginc.com\/shop\/cast-iron-3-leg-crank-mechanism-hand-lifint-cafe-restaurant-iron-top-dining-table-2\/","url":"https:\/\/www.indiabuyinginc.com\/shop\/cast-iron-3-leg-crank-mechanism-hand-lifint-cafe-restaurant-iron-top-dining-table-2\/","name":"Cast Iron Crank Adjustable Caf\u00e9 Table | Indian buying Inc","isPartOf":{"@id":"https:\/\/www.indiabuyinginc.com\/#website"},"primaryImageOfPage":{"@id":"https:\/\/www.indiabuyinginc.com\/shop\/cast-iron-3-leg-crank-mechanism-hand-lifint-cafe-restaurant-iron-top-dining-table-2\/#primaryimage"},"image":{"@id":"https:\/\/www.indiabuyinginc.com\/shop\/cast-iron-3-leg-crank-mechanism-hand-lifint-cafe-restaurant-iron-top-dining-table-2\/#primaryimage"},"thumbnailUrl":"https:\/\/www.indiabuyinginc.com\/wp-content\/uploads\/2026\/03\/IBIC-9490-1.jpg","datePublished":"2022-06-11T12:02:10+00:00","dateModified":"2026-04-20T07:30:02+00:00","description":"Buy cast iron 3-leg crank mechanism caf\u00e9 table with adjustable height. Industrial design, perfect for restaurants, caf\u00e9s & home use.","breadcrumb":{"@id":"https:\/\/www.indiabuyinginc.com\/shop\/cast-iron-3-leg-crank-mechanism-hand-lifint-cafe-restaurant-iron-top-dining-table-2\/#breadcrumb"},"inLanguage":"fr-FR","potentialAction":[{"@type":"ReadAction","target":["https:\/\/www.indiabuyinginc.com\/shop\/cast-iron-3-leg-crank-mechanism-hand-lifint-cafe-restaurant-iron-top-dining-table-2\/"]}]},{"@type":"ImageObject","inLanguage":"fr-FR","@id":"https:\/\/www.indiabuyinginc.com\/shop\/cast-iron-3-leg-crank-mechanism-hand-lifint-cafe-restaurant-iron-top-dining-table-2\/#primaryimage","url":"https:\/\/www.indiabuyinginc.com\/wp-content\/uploads\/2026\/03\/IBIC-9490-1.jpg","contentUrl":"https:\/\/www.indiabuyinginc.com\/wp-content\/uploads\/2026\/03\/IBIC-9490-1.jpg","width":600,"height":600,"caption":"Cast iron 3 leg crank adjustable dining table"},{"@type":"BreadcrumbList","@id":"https:\/\/www.indiabuyinginc.com\/shop\/cast-iron-3-leg-crank-mechanism-hand-lifint-cafe-restaurant-iron-top-dining-table-2\/#breadcrumb","itemListElement":[{"@type":"ListItem","position":1,"name":"Home","item":"https:\/\/www.indiabuyinginc.com\/"},{"@type":"ListItem","position":2,"name":"Shop","item":"https:\/\/www.indiabuyinginc.com\/shop\/"},{"@type":"ListItem","position":3,"name":"IBIC-9490 &#8211; Cast Iron 3 Leg Crank Mechanism Hand Lifint Caf\u00e9 Restaurant Iron Top Dining Table"}]},{"@type":"WebSite","@id":"https:\/\/www.indiabuyinginc.com\/#website","url":"https:\/\/www.indiabuyinginc.com\/","name":"IndianFurniture-SolidWooden-Metal-industrialFurniture","description":"wooden Iron Furniture Manufacturer &amp; Exporter Jodhpur India","publisher":{"@id":"https:\/\/www.indiabuyinginc.com\/#organization"},"alternateName":"solidwoodfurniture","potentialAction":[{"@type":"SearchAction","target":{"@type":"EntryPoint","urlTemplate":"https:\/\/www.indiabuyinginc.com\/?s={search_term_string}"},"query-input":{"@type":"PropertyValueSpecification","valueRequired":true,"valueName":"search_term_string"}}],"inLanguage":"fr-FR"},{"@type":"Organization","@id":"https:\/\/www.indiabuyinginc.com\/#organization","name":"IndianFurniture-SolidWooden-Metal-industrialFurniture","alternateName":"Furniture factory Jodhpur India","url":"https:\/\/www.indiabuyinginc.com\/","logo":{"@type":"ImageObject","inLanguage":"fr-FR","@id":"https:\/\/www.indiabuyinginc.com\/#\/schema\/logo\/image\/","url":"https:\/\/www.indiabuyinginc.com\/wp-content\/uploads\/2025\/08\/logo-2025-INDIA-BUYING-INC.jpg","contentUrl":"https:\/\/www.indiabuyinginc.com\/wp-content\/uploads\/2025\/08\/logo-2025-INDIA-BUYING-INC.jpg","width":696,"height":696,"caption":"IndianFurniture-SolidWooden-Metal-industrialFurniture"},"image":{"@id":"https:\/\/www.indiabuyinginc.com\/#\/schema\/logo\/image\/"},"sameAs":["https:\/\/www.facebook.com\/indiabuyingincjodhpur","https:\/\/x.com\/indiabuyinginc","https:\/\/www.instagram.com\/indiabuyinginc\/","https:\/\/www.instagram.com\/indiabuyingincfurniture\/","https:\/\/www.youtube.com\/@indiabuyinginc","https:\/\/www.linkedin.com\/company\/furniturefactoryjodhpur"]}]}},"_links":{"self":[{"href":"https:\/\/www.indiabuyinginc.com\/fr\/wp-json\/wp\/v2\/product\/5460","targetHints":{"allow":["GET"]}}],"collection":[{"href":"https:\/\/www.indiabuyinginc.com\/fr\/wp-json\/wp\/v2\/product"}],"about":[{"href":"https:\/\/www.indiabuyinginc.com\/fr\/wp-json\/wp\/v2\/types\/product"}],"replies":[{"embeddable":true,"href":"https:\/\/www.indiabuyinginc.com\/fr\/wp-json\/wp\/v2\/comments?post=5460"}],"wp:featuredmedia":[{"embeddable":true,"href":"https:\/\/www.indiabuyinginc.com\/fr\/wp-json\/wp\/v2\/media\/12203"}],"wp:attachment":[{"href":"https:\/\/www.indiabuyinginc.com\/fr\/wp-json\/wp\/v2\/media?parent=5460"}],"wp:term":[{"taxonomy":"product_brand","embeddable":true,"href":"https:\/\/www.indiabuyinginc.com\/fr\/wp-json\/wp\/v2\/product_brand?post=5460"},{"taxonomy":"product_cat","embeddable":true,"href":"https:\/\/www.indiabuyinginc.com\/fr\/wp-json\/wp\/v2\/product_cat?post=5460"},{"taxonomy":"product_tag","embeddable":true,"href":"https:\/\/www.indiabuyinginc.com\/fr\/wp-json\/wp\/v2\/product_tag?post=5460"}],"curies":[{"name":"wp","href":"https:\/\/api.w.org\/{rel}","templated":true}]}}