{"id":3707,"date":"2022-05-10T09:50:44","date_gmt":"2022-05-10T09:50:44","guid":{"rendered":"https:\/\/www.indiabuyinginc.com\/newsite\/contact-us\/"},"modified":"2026-04-09T07:56:56","modified_gmt":"2026-04-09T07:56:56","slug":"contact-us","status":"publish","type":"page","link":"https:\/\/www.indiabuyinginc.com\/fr\/contactez-nous\/","title":{"rendered":"Nous contacter"},"content":{"rendered":"<div class=\"wpb-content-wrapper\"><div class=\"vc_row wpb_row vc_row-fluid\"><div class=\"wpb_column vc_column_container vc_col-sm-6\"><div class=\"vc_column-inner\"><div class=\"wpb_wrapper\">\n\t<div class=\"wpb_text_column wpb_content_element\" >\n\t\t<div class=\"wpb_wrapper\">\n\t\t\t<h2>Factory &amp; Showroom<\/h2>\n<p>F-18, Behind New Power House, Heavy Industrial Area, Basni Jodhpur, Rajasthan, India<\/p>\n<h3>Mobile \/ WhatsApp<\/h3>\n<p><a href=\"http:\/\/wa.me\/918824299509\">(+91)-96940-29291 \/ +91-88242-99509<\/a><\/p>\n<h3>Identifiant de messagerie<\/h3>\n<p style=\"text-align: left;\"><a href=\"mailto:indiabuyinginc@gmail.com\">indiabuyinginc@gmail.com<\/a><\/p>\n<p style=\"text-align: left;\"><a href=\"mailto:inquiry@indiabuyinginc.com\">inquiry@indiabuyinginc.com<\/a><\/p>\n\n\t\t<\/div>\n\t<\/div>\n<\/div><\/div><\/div><div class=\"wpb_column vc_column_container vc_col-sm-6\"><div class=\"vc_column-inner\"><div class=\"wpb_wrapper\">\n\t<div class=\"wpb_text_column wpb_content_element\" >\n\t\t<div class=\"wpb_wrapper\">\n\t\t\t<p><iframe loading=\"lazy\" style=\"border: 0;\" src=\"https:\/\/www.google.com\/maps\/embed?pb=!1m18!1m12!1m3!1d14313.971726147087!2d73.00888507027081!3d26.24566068033697!2m3!1f0!2f0!3f0!3m2!1i1024!2i768!4f13.1!3m3!1m2!1s0x39418be1869676d5%3A0xe9baa12c02e37178!2sIndia%20Buying%20Inc.!5e0!3m2!1sen!2sin!4v1652610948982!5m2!1sen!2sin\" width=\"600\" height=\"350\" allowfullscreen=\"allowfullscreen\"><\/iframe><\/p>\n\n\t\t<\/div>\n\t<\/div>\n<\/div><\/div><\/div><\/div><div class=\"vc_row wpb_row vc_row-fluid\"><div class=\"wpb_column vc_column_container vc_col-sm-12\"><div class=\"vc_column-inner\"><div class=\"wpb_wrapper\">\n\t<div class=\"wpb_text_column wpb_content_element\" >\n\t\t<div class=\"wpb_wrapper\">\n\t\t\t<h3>\u00c9crivez-nous<\/h3>\n\n\t\t<\/div>\n\t<\/div>\n\n<div class=\"wpcf7 no-js\" id=\"wpcf7-f2151-o1\" lang=\"en-US\" dir=\"ltr\" data-wpcf7-id=\"2151\">\n<div class=\"screen-reader-response\"><p role=\"status\" aria-live=\"polite\" aria-atomic=\"true\"><\/p> <ul><\/ul><\/div>\n<form action=\"\/fr\/wp-json\/wp\/v2\/pages\/3707#wpcf7-f2151-o1\" method=\"post\" class=\"wpcf7-form init\" aria-label=\"Contact form\" novalidate=\"novalidate\" data-status=\"init\" data-trp-original-action=\"\/fr\/wp-json\/wp\/v2\/pages\/3707#wpcf7-f2151-o1\">\n<fieldset class=\"hidden-fields-container\"><input type=\"hidden\" name=\"_wpcf7\" value=\"2151\" \/><input type=\"hidden\" name=\"_wpcf7_version\" value=\"6.1.5\" \/><input type=\"hidden\" name=\"_wpcf7_locale\" value=\"en_US\" \/><input type=\"hidden\" name=\"_wpcf7_unit_tag\" value=\"wpcf7-f2151-o1\" \/><input type=\"hidden\" name=\"_wpcf7_container_post\" value=\"0\" \/><input type=\"hidden\" name=\"_wpcf7_posted_data_hash\" value=\"\" \/>\n<\/fieldset>\n<div class=\"contact-form-footer\">\n\t<div class=\"row\">\n\t\t<div class=\"lt-col large-6 columns\">\n\t\t\t<p><label> Votre Nom (requis)<br \/>\n<span class=\"wpcf7-form-control-wrap\" data-name=\"your-name\"><input size=\"40\" maxlength=\"400\" class=\"wpcf7-form-control wpcf7-text wpcf7-validates-as-required\" aria-required=\"true\" aria-invalid=\"false\" placeholder=\"Entrez votre nom\" value=\"\" type=\"text\" name=\"your-name\" \/><\/span> <\/label>\n\t\t\t<\/p>\n\t\t<\/div>\n\t\t<div class=\"lt-col large-6 columns\">\n\t\t\t<p><label> Votre Email (requis)<br \/>\n<span class=\"wpcf7-form-control-wrap\" data-name=\"your-email\"><input size=\"40\" maxlength=\"400\" class=\"wpcf7-form-control wpcf7-email wpcf7-validates-as-required wpcf7-text wpcf7-validates-as-email\" aria-required=\"true\" aria-invalid=\"false\" placeholder=\"Entrez votre identifiant de messagerie\" value=\"\" type=\"email\" name=\"your-email\" \/><\/span> <\/label>\n\t\t\t<\/p>\n\t\t<\/div>\n\t<\/div>\n\t<div class=\"row\">\n\t\t<div class=\"large-12 columns\">\n\t\t\t<p><label> Votre num\u00e9ro de t\u00e9l\u00e9phone (obligatoire)<br \/>\n<span class=\"wpcf7-form-control-wrap\" data-name=\"countrytext-540\"><input size=\"40\" class=\"wpcf7-form-control wpcf7-countrytext wpcf7-validates-as-required wpcf7-text wpcf7-validates-as-countrytext\" aria-required=\"true\" aria-invalid=\"false\" value=\"\" type=\"text\" name=\"countrytext-540\" \/><\/span><br \/>\n<\/label>\n\t\t\t<\/p>\n\t\t<\/div>\n\t<\/div>\n\t<div class=\"row\">\n\t\t<div class=\"large-12 columns\">\n\t\t\t<p><label> Votre message (obligatoire)<br \/>\n<span class=\"wpcf7-form-control-wrap\" data-name=\"your-message\"><textarea cols=\"100\" rows=\"10\" maxlength=\"2000\" class=\"wpcf7-form-control wpcf7-textarea wpcf7-validates-as-required\" aria-required=\"true\" aria-invalid=\"false\" placeholder=\"Entrez votre message\" name=\"your-message\"><\/textarea><\/span><br \/>\n<\/label>\n\t\t\t<\/p>\n\t\t<\/div>\n\t<\/div>\n\t<p class=\"wd-col\"><input class=\"wpcf7-form-control wpcf7-submit has-spinner btn btn-color-primary\" type=\"submit\" value=\"Send Message\" \/>\n\t<\/p>\n<\/div><input type=\"hidden\" id=\"ct_checkjs_cf7_b6d767d2f8ed5d21a44b0e5886680cb9\" name=\"ct_checkjs_cf7\" value=\"0\" \/><script >setTimeout(function(){var ct_input_name = \"ct_checkjs_cf7_b6d767d2f8ed5d21a44b0e5886680cb9\";if (document.getElementById(ct_input_name) !== null) {var ct_input_value = document.getElementById(ct_input_name).value;document.getElementById(ct_input_name).value = document.getElementById(ct_input_name).value.replace(ct_input_value, '1740728018');}}, 1000);<\/script><input\n                    class=\"apbct_special_field apbct_email_id__wp_contact_form_7\"\n                    name=\"apbct__email_id__wp_contact_form_7\"\n                    aria-label=\"apbct__label_id__wp_contact_form_7\"\n                    type=\"text\" size=\"30\" maxlength=\"200\" autocomplete=\"off\"\n                    value=\"\"\n                \/><input type='hidden' class='wpcf7-pum' value='{\"closepopup\":false,\"closedelay\":0,\"openpopup\":false,\"openpopup_id\":0}' \/><div class=\"wpcf7-response-output\" aria-hidden=\"true\"><\/div>\n<input type=\"hidden\" name=\"trp-form-language\" value=\"fr\"\/><\/form>\n<\/div>\n<\/div><\/div><\/div><\/div>\n<\/div>","protected":false},"excerpt":{"rendered":"Factory &amp; Showroom F-18, Behind New Power House, Heavy Industrial Area, Basni Jodhpur, Rajasthan, India Mobile \/ WhatsApp (+91)-96940-29291 \/","protected":false},"author":1,"featured_media":0,"parent":0,"menu_order":0,"comment_status":"closed","ping_status":"closed","template":"","meta":{"footnotes":""},"class_list":["post-3707","page","type-page","status-publish","hentry"],"yoast_head":"<!-- This site is optimized with the Yoast SEO plugin v27.5 - https:\/\/yoast.com\/product\/yoast-seo-wordpress\/ -->\n<title>Contact Us | Furniture Manufacturer &amp; Exporter Jodhpur India<\/title>\n<meta name=\"description\" content=\"Contact India Buying Inc, a trusted furniture manufacturer and exporter in India for bulk orders, custom furniture, and global supply inquiries.\" \/>\n<meta name=\"robots\" content=\"noindex, follow, max-snippet:-1, max-image-preview:large, max-video-preview:-1\" \/>\n<meta property=\"og:locale\" content=\"fr_FR\" \/>\n<meta property=\"og:type\" content=\"article\" \/>\n<meta property=\"og:title\" content=\"Contact Us | Furniture Manufacturer &amp; Exporter Jodhpur India\" \/>\n<meta property=\"og:description\" content=\"Contact India Buying Inc, a trusted furniture manufacturer and exporter in India for bulk orders, custom furniture, and global supply inquiries.\" \/>\n<meta property=\"og:url\" content=\"https:\/\/www.indiabuyinginc.com\/fr\/contactez-nous\/\" \/>\n<meta property=\"og:site_name\" content=\"IndiaBuyingInc\" \/>\n<meta property=\"article:publisher\" content=\"https:\/\/www.facebook.com\/indiabuyingincjodhpur\" \/>\n<meta property=\"article:modified_time\" content=\"2026-04-09T07:56:56+00:00\" \/>\n<meta name=\"twitter:card\" content=\"summary_large_image\" \/>\n<meta name=\"twitter:site\" content=\"@indiabuyinginc\" \/>\n<meta name=\"twitter:label1\" content=\"Dur\u00e9e de lecture estim\u00e9e\" \/>\n\t<meta name=\"twitter:data1\" content=\"1 minute\" \/>\n<script type=\"application\/ld+json\" class=\"yoast-schema-graph\">{\"@context\":\"https:\\\/\\\/schema.org\",\"@graph\":[{\"@type\":\"WebPage\",\"@id\":\"https:\\\/\\\/www.indiabuyinginc.com\\\/contact-us\\\/\",\"url\":\"https:\\\/\\\/www.indiabuyinginc.com\\\/contact-us\\\/\",\"name\":\"Contact Us | Furniture Manufacturer & Exporter Jodhpur India\",\"isPartOf\":{\"@id\":\"https:\\\/\\\/www.indiabuyinginc.com\\\/#website\"},\"datePublished\":\"2022-05-10T09:50:44+00:00\",\"dateModified\":\"2026-04-09T07:56:56+00:00\",\"description\":\"Contact India Buying Inc, a trusted furniture manufacturer and exporter in India for bulk orders, custom furniture, and global supply inquiries.\",\"breadcrumb\":{\"@id\":\"https:\\\/\\\/www.indiabuyinginc.com\\\/contact-us\\\/#breadcrumb\"},\"inLanguage\":\"fr-FR\",\"potentialAction\":[{\"@type\":\"ReadAction\",\"target\":[\"https:\\\/\\\/www.indiabuyinginc.com\\\/contact-us\\\/\"]}]},{\"@type\":\"BreadcrumbList\",\"@id\":\"https:\\\/\\\/www.indiabuyinginc.com\\\/contact-us\\\/#breadcrumb\",\"itemListElement\":[{\"@type\":\"ListItem\",\"position\":1,\"name\":\"Home\",\"item\":\"https:\\\/\\\/www.indiabuyinginc.com\\\/\"},{\"@type\":\"ListItem\",\"position\":2,\"name\":\"Contact Us\"}]},{\"@type\":\"WebSite\",\"@id\":\"https:\\\/\\\/www.indiabuyinginc.com\\\/#website\",\"url\":\"https:\\\/\\\/www.indiabuyinginc.com\\\/\",\"name\":\"IndianFurniture-SolidWooden-Metal-industrialFurniture\",\"description\":\"wooden Iron Furniture Manufacturer &amp; Exporter Jodhpur India\",\"publisher\":{\"@id\":\"https:\\\/\\\/www.indiabuyinginc.com\\\/#organization\"},\"alternateName\":\"solidwoodfurniture\",\"potentialAction\":[{\"@type\":\"SearchAction\",\"target\":{\"@type\":\"EntryPoint\",\"urlTemplate\":\"https:\\\/\\\/www.indiabuyinginc.com\\\/?s={search_term_string}\"},\"query-input\":{\"@type\":\"PropertyValueSpecification\",\"valueRequired\":true,\"valueName\":\"search_term_string\"}}],\"inLanguage\":\"fr-FR\"},{\"@type\":\"Organization\",\"@id\":\"https:\\\/\\\/www.indiabuyinginc.com\\\/#organization\",\"name\":\"IndianFurniture-SolidWooden-Metal-industrialFurniture\",\"alternateName\":\"Furniture factory Jodhpur India\",\"url\":\"https:\\\/\\\/www.indiabuyinginc.com\\\/\",\"logo\":{\"@type\":\"ImageObject\",\"inLanguage\":\"fr-FR\",\"@id\":\"https:\\\/\\\/www.indiabuyinginc.com\\\/#\\\/schema\\\/logo\\\/image\\\/\",\"url\":\"https:\\\/\\\/www.indiabuyinginc.com\\\/wp-content\\\/uploads\\\/2025\\\/08\\\/logo-2025-INDIA-BUYING-INC.jpg\",\"contentUrl\":\"https:\\\/\\\/www.indiabuyinginc.com\\\/wp-content\\\/uploads\\\/2025\\\/08\\\/logo-2025-INDIA-BUYING-INC.jpg\",\"width\":696,\"height\":696,\"caption\":\"IndianFurniture-SolidWooden-Metal-industrialFurniture\"},\"image\":{\"@id\":\"https:\\\/\\\/www.indiabuyinginc.com\\\/#\\\/schema\\\/logo\\\/image\\\/\"},\"sameAs\":[\"https:\\\/\\\/www.facebook.com\\\/indiabuyingincjodhpur\",\"https:\\\/\\\/x.com\\\/indiabuyinginc\",\"https:\\\/\\\/www.instagram.com\\\/indiabuyinginc\\\/\",\"https:\\\/\\\/www.instagram.com\\\/indiabuyingincfurniture\\\/\",\"https:\\\/\\\/www.youtube.com\\\/@indiabuyinginc\",\"https:\\\/\\\/www.linkedin.com\\\/company\\\/furniturefactoryjodhpur\"]}]}<\/script>\n<!-- \/ Yoast SEO plugin. -->","yoast_head_json":{"title":"Contact Us | Furniture Manufacturer & Exporter Jodhpur India","description":"Contact India Buying Inc, a trusted furniture manufacturer and exporter in India for bulk orders, custom furniture, and global supply inquiries.","robots":{"index":"noindex","follow":"follow","max-snippet":"max-snippet:-1","max-image-preview":"max-image-preview:large","max-video-preview":"max-video-preview:-1"},"og_locale":"fr_FR","og_type":"article","og_title":"Contact Us | Furniture Manufacturer & Exporter Jodhpur India","og_description":"Contact India Buying Inc, a trusted furniture manufacturer and exporter in India for bulk orders, custom furniture, and global supply inquiries.","og_url":"https:\/\/www.indiabuyinginc.com\/fr\/contactez-nous\/","og_site_name":"IndiaBuyingInc","article_publisher":"https:\/\/www.facebook.com\/indiabuyingincjodhpur","article_modified_time":"2026-04-09T07:56:56+00:00","twitter_card":"summary_large_image","twitter_site":"@indiabuyinginc","twitter_misc":{"Dur\u00e9e de lecture estim\u00e9e":"1 minute"},"schema":{"@context":"https:\/\/schema.org","@graph":[{"@type":"WebPage","@id":"https:\/\/www.indiabuyinginc.com\/contact-us\/","url":"https:\/\/www.indiabuyinginc.com\/contact-us\/","name":"Contact Us | Furniture Manufacturer & Exporter Jodhpur India","isPartOf":{"@id":"https:\/\/www.indiabuyinginc.com\/#website"},"datePublished":"2022-05-10T09:50:44+00:00","dateModified":"2026-04-09T07:56:56+00:00","description":"Contact India Buying Inc, a trusted furniture manufacturer and exporter in India for bulk orders, custom furniture, and global supply inquiries.","breadcrumb":{"@id":"https:\/\/www.indiabuyinginc.com\/contact-us\/#breadcrumb"},"inLanguage":"fr-FR","potentialAction":[{"@type":"ReadAction","target":["https:\/\/www.indiabuyinginc.com\/contact-us\/"]}]},{"@type":"BreadcrumbList","@id":"https:\/\/www.indiabuyinginc.com\/contact-us\/#breadcrumb","itemListElement":[{"@type":"ListItem","position":1,"name":"Home","item":"https:\/\/www.indiabuyinginc.com\/"},{"@type":"ListItem","position":2,"name":"Contact Us"}]},{"@type":"WebSite","@id":"https:\/\/www.indiabuyinginc.com\/#website","url":"https:\/\/www.indiabuyinginc.com\/","name":"IndianFurniture-SolidWooden-Metal-industrialFurniture","description":"wooden Iron Furniture Manufacturer &amp; Exporter Jodhpur India","publisher":{"@id":"https:\/\/www.indiabuyinginc.com\/#organization"},"alternateName":"solidwoodfurniture","potentialAction":[{"@type":"SearchAction","target":{"@type":"EntryPoint","urlTemplate":"https:\/\/www.indiabuyinginc.com\/?s={search_term_string}"},"query-input":{"@type":"PropertyValueSpecification","valueRequired":true,"valueName":"search_term_string"}}],"inLanguage":"fr-FR"},{"@type":"Organization","@id":"https:\/\/www.indiabuyinginc.com\/#organization","name":"IndianFurniture-SolidWooden-Metal-industrialFurniture","alternateName":"Furniture factory Jodhpur India","url":"https:\/\/www.indiabuyinginc.com\/","logo":{"@type":"ImageObject","inLanguage":"fr-FR","@id":"https:\/\/www.indiabuyinginc.com\/#\/schema\/logo\/image\/","url":"https:\/\/www.indiabuyinginc.com\/wp-content\/uploads\/2025\/08\/logo-2025-INDIA-BUYING-INC.jpg","contentUrl":"https:\/\/www.indiabuyinginc.com\/wp-content\/uploads\/2025\/08\/logo-2025-INDIA-BUYING-INC.jpg","width":696,"height":696,"caption":"IndianFurniture-SolidWooden-Metal-industrialFurniture"},"image":{"@id":"https:\/\/www.indiabuyinginc.com\/#\/schema\/logo\/image\/"},"sameAs":["https:\/\/www.facebook.com\/indiabuyingincjodhpur","https:\/\/x.com\/indiabuyinginc","https:\/\/www.instagram.com\/indiabuyinginc\/","https:\/\/www.instagram.com\/indiabuyingincfurniture\/","https:\/\/www.youtube.com\/@indiabuyinginc","https:\/\/www.linkedin.com\/company\/furniturefactoryjodhpur"]}]}},"_links":{"self":[{"href":"https:\/\/www.indiabuyinginc.com\/fr\/wp-json\/wp\/v2\/pages\/3707","targetHints":{"allow":["GET"]}}],"collection":[{"href":"https:\/\/www.indiabuyinginc.com\/fr\/wp-json\/wp\/v2\/pages"}],"about":[{"href":"https:\/\/www.indiabuyinginc.com\/fr\/wp-json\/wp\/v2\/types\/page"}],"author":[{"embeddable":true,"href":"https:\/\/www.indiabuyinginc.com\/fr\/wp-json\/wp\/v2\/users\/1"}],"replies":[{"embeddable":true,"href":"https:\/\/www.indiabuyinginc.com\/fr\/wp-json\/wp\/v2\/comments?post=3707"}],"version-history":[{"count":58,"href":"https:\/\/www.indiabuyinginc.com\/fr\/wp-json\/wp\/v2\/pages\/3707\/revisions"}],"predecessor-version":[{"id":10768,"href":"https:\/\/www.indiabuyinginc.com\/fr\/wp-json\/wp\/v2\/pages\/3707\/revisions\/10768"}],"wp:attachment":[{"href":"https:\/\/www.indiabuyinginc.com\/fr\/wp-json\/wp\/v2\/media?parent=3707"}],"curies":[{"name":"wp","href":"https:\/\/api.w.org\/{rel}","templated":true}]}}